{"id":18244,"date":"2023-04-27T23:17:19","date_gmt":"2023-04-28T06:17:19","guid":{"rendered":"https:\/\/melmedlaw.net\/about-us-california-labor-employment-attorneys-melmed-law-group-p-c\/"},"modified":"2023-06-26T18:19:24","modified_gmt":"2023-06-26T18:19:24","slug":"about-us-california-labor-employment-attorneys-melmed-law-group-p-c","status":"publish","type":"page","link":"https:\/\/www.melmedlaw.com\/es\/sobre\/","title":{"rendered":"Sobre Nosotros | Abogados Laborales Y de Empleo de California | Melmed Law Group P.C"},"content":{"rendered":"<img decoding=\"async\" class=\"content__intro_image\" src=\"\/wp-content\/uploads\/template-images\/about-img.jpg\" alt=\"Acerca de Los Abogados Laborales Y de Empleo de Melmed Law Group\">\r\n\r\n<h2>Lo que hacemos<\/h2>\r\n\r\n<p>Melmed Law Group fue fundado en 2015 con el objetivo exclusivo de enfocarse en asuntos complejos de litigios laborales en nombre de los empleados. Los abogados de Melmed Law Group han actuado como abogados principales o co-abogados en cientos de casos individuales y de acci\u00f3n colectiva en los tribunales de California y federales.<\/p>\r\n\r\n<p>Melmed Law Group ha ayudado a miles de empleados a trav\u00e9s de su pr\u00e1ctica de acci\u00f3n colectiva y se enorgullece de seguir luchando en nombre de sus clientes. Desde su inicio, Melmed Law Group ha litigado con \u00e9xito m\u00e1s de 100 acciones colectivas en todo el estado de California.<\/p>\r\n\r\n<p>Nuestra pr\u00e1ctica fue fundada con la misi\u00f3n \u00fanica de proporcionar representaci\u00f3n estrat\u00e9gica y agresiva para la prosecuci\u00f3n de casos de acci\u00f3n colectiva e individuales en nombre de las v\u00edctimas de acoso laboral, discriminaci\u00f3n y robo de salarios. Regularmente obtenemos resultados impresionantes para los miembros de nuestras acciones colectivas y nuestros clientes, ya sea a trav\u00e9s de acuerdos o litigios.<\/p>\r\n\r\n<h2>Por qu\u00e9 nuestro servicio legal es insuperable<\/h2>\r\n\r\n<p>Nuestros abogados laborales pueden responder de manera agresiva a las acciones ilegales de su antiguo empleador. Nuestros abogados de derecho laboral trabajan sin descanso para asegurarse de que nuestros clientes reciban el 100% de lo que se les debe.<\/p>\r\n\r\n<p>Representamos a personas de diversos or\u00edgenes y en diversos campos, desde ejecutivos corporativos en empresas Fortune 500 hasta trabajadores por hora y trabajadores migrantes.<\/p>\r\n\r\n<p>Hemos litigado contra las compa\u00f1\u00edas m\u00e1s grandes del mundo, as\u00ed como contra empresas m\u00e1s peque\u00f1as e incluso individuos. Si eres v\u00edctima de abuso laboral, podemos ayudarte.<\/p>\r\n\r\n<p>No cobramos ninguna tarifa o costo por adelantado. Act\u00faa ahora y contacta a nuestros abogados laborales para obtener asesoramiento legal gratuito.<\/p>\r\n\r\n<h2>Principales abogados laborales de California<\/h2>\r\n\r\n<p>Todo comienza cuando programas una consulta gratuita con nuestra firma de abogados laborales para aprender c\u00f3mo nuestros abogados laborales pueden ayudarte. No cobramos ning\u00fan costo o tarifa por adelantado y ofrecemos una consulta gratuita de 15 minutos.<\/p>\r\n\r\n<p>Nuestros abogados laborales representan a empleados en todo California, incluyendo importantes ciudades como San Francisco, Bakersfield, San Diego y Los \u00c1ngeles, y en todo el Valle Central.<\/p>","protected":false},"excerpt":{"rendered":"<p>Lo que hacemos Melmed Law Group fue fundado en 2015 con el objetivo exclusivo de enfocarse en asuntos complejos de litigios laborales en nombre de los empleados. Los abogados de Melmed Law Group han actuado como abogados principales o co-abogados en cientos de casos individuales y de acci\u00f3n colectiva en los tribunales de California y [&hellip;]<\/p>\n","protected":false},"author":1,"featured_media":0,"parent":0,"menu_order":0,"comment_status":"closed","ping_status":"closed","template":"","meta":{"_acf_changed":false,"footnotes":""},"class_list":["post-18244","page","type-page","status-publish","hentry"],"acf":[],"yoast_head":"<!-- This site is optimized with the Yoast SEO plugin v24.1 - https:\/\/yoast.com\/wordpress\/plugins\/seo\/ -->\n<title>Sobre Nosotros | Abogados Laborales Y de Empleo de California | Melmed Law Group P.C<\/title>\n<meta name=\"robots\" content=\"index, follow, max-snippet:-1, max-image-preview:large, max-video-preview:-1\" \/>\n<link rel=\"canonical\" href=\"https:\/\/www.melmedlaw.com\/es\/sobre\/\" \/>\n<meta property=\"og:locale\" content=\"es_ES\" \/>\n<meta property=\"og:type\" content=\"article\" \/>\n<meta property=\"og:title\" content=\"Sobre Nosotros | Abogados Laborales Y de Empleo de California | Melmed Law Group P.C - Melmed Law Group P.C.\" \/>\n<meta property=\"og:description\" content=\"Lo que hacemos Melmed Law Group fue fundado en 2015 con el objetivo exclusivo de enfocarse en asuntos complejos de litigios laborales en nombre de los empleados. Los abogados de Melmed Law Group han actuado como abogados principales o co-abogados en cientos de casos individuales y de acci\u00f3n colectiva en los tribunales de California y [&hellip;]\" \/>\n<meta property=\"og:url\" content=\"https:\/\/www.melmedlaw.com\/es\/sobre\/\" \/>\n<meta property=\"og:site_name\" content=\"Melmed Law Group P.C.\" \/>\n<meta property=\"article:modified_time\" content=\"2023-06-26T18:19:24+00:00\" \/>\n<meta name=\"twitter:card\" content=\"summary_large_image\" \/>\n<meta name=\"twitter:label1\" content=\"Tiempo de lectura\" \/>\n\t<meta name=\"twitter:data1\" content=\"2 minutos\" \/>\n<script type=\"application\/ld+json\" class=\"yoast-schema-graph\">{\"@context\":\"https:\/\/schema.org\",\"@graph\":[{\"@type\":\"WebPage\",\"@id\":\"https:\/\/www.melmedlaw.com\/es\/sobre\/\",\"url\":\"https:\/\/www.melmedlaw.com\/es\/sobre\/\",\"name\":\"Sobre Nosotros | Abogados Laborales Y de Empleo de California | Melmed Law Group P.C - Melmed Law Group P.C.\",\"isPartOf\":{\"@id\":\"https:\/\/www.melmedlaw.com\/es\/#website\"},\"datePublished\":\"2023-04-28T06:17:19+00:00\",\"dateModified\":\"2023-06-26T18:19:24+00:00\",\"breadcrumb\":{\"@id\":\"https:\/\/www.melmedlaw.com\/es\/sobre\/#breadcrumb\"},\"inLanguage\":\"es\",\"potentialAction\":[{\"@type\":\"ReadAction\",\"target\":[\"https:\/\/www.melmedlaw.com\/es\/sobre\/\"]}]},{\"@type\":\"BreadcrumbList\",\"@id\":\"https:\/\/www.melmedlaw.com\/es\/sobre\/#breadcrumb\",\"itemListElement\":[{\"@type\":\"ListItem\",\"position\":1,\"name\":\"Home\",\"item\":\"https:\/\/www.melmedlaw.com\/es\/\"},{\"@type\":\"ListItem\",\"position\":2,\"name\":\"Sobre Nosotros | Abogados Laborales Y de Empleo de California | Melmed Law Group P.C\"}]},{\"@type\":\"WebSite\",\"@id\":\"https:\/\/www.melmedlaw.com\/es\/#website\",\"url\":\"https:\/\/www.melmedlaw.com\/es\/\",\"name\":\"Melmed Law Group P.C.\",\"description\":\"Labor &amp; Employment Lawyers\",\"publisher\":{\"@id\":\"https:\/\/www.melmedlaw.com\/es\/#organization\"},\"potentialAction\":[{\"@type\":\"SearchAction\",\"target\":{\"@type\":\"EntryPoint\",\"urlTemplate\":\"https:\/\/www.melmedlaw.com\/es\/?s={search_term_string}\"},\"query-input\":{\"@type\":\"PropertyValueSpecification\",\"valueRequired\":true,\"valueName\":\"search_term_string\"}}],\"inLanguage\":\"es\"},{\"@type\":\"Organization\",\"@id\":\"https:\/\/www.melmedlaw.com\/es\/#organization\",\"name\":\"Melmed Law Group P.C.\",\"url\":\"https:\/\/www.melmedlaw.com\/es\/\",\"logo\":{\"@type\":\"ImageObject\",\"inLanguage\":\"es\",\"@id\":\"https:\/\/www.melmedlaw.com\/es\/#\/schema\/logo\/image\/\",\"url\":\"https:\/\/www.melmedlaw.com\/wp-content\/uploads\/2022\/08\/mlg-logo-03.png\",\"contentUrl\":\"https:\/\/www.melmedlaw.com\/wp-content\/uploads\/2022\/08\/mlg-logo-03.png\",\"width\":1151,\"height\":300,\"caption\":\"Melmed Law Group P.C.\"},\"image\":{\"@id\":\"https:\/\/www.melmedlaw.com\/es\/#\/schema\/logo\/image\/\"}}]}<\/script>\n<!-- \/ Yoast SEO plugin. -->","yoast_head_json":{"title":"Sobre Nosotros | Abogados Laborales Y de Empleo de California | Melmed Law Group P.C","robots":{"index":"index","follow":"follow","max-snippet":"max-snippet:-1","max-image-preview":"max-image-preview:large","max-video-preview":"max-video-preview:-1"},"canonical":"https:\/\/www.melmedlaw.com\/es\/sobre\/","og_locale":"es_ES","og_type":"article","og_title":"Sobre Nosotros | Abogados Laborales Y de Empleo de California | Melmed Law Group P.C - Melmed Law Group P.C.","og_description":"Lo que hacemos Melmed Law Group fue fundado en 2015 con el objetivo exclusivo de enfocarse en asuntos complejos de litigios laborales en nombre de los empleados. Los abogados de Melmed Law Group han actuado como abogados principales o co-abogados en cientos de casos individuales y de acci\u00f3n colectiva en los tribunales de California y [&hellip;]","og_url":"https:\/\/www.melmedlaw.com\/es\/sobre\/","og_site_name":"Melmed Law Group P.C.","article_modified_time":"2023-06-26T18:19:24+00:00","twitter_card":"summary_large_image","twitter_misc":{"Tiempo de lectura":"2 minutos"},"schema":{"@context":"https:\/\/schema.org","@graph":[{"@type":"WebPage","@id":"https:\/\/www.melmedlaw.com\/es\/sobre\/","url":"https:\/\/www.melmedlaw.com\/es\/sobre\/","name":"Sobre Nosotros | Abogados Laborales Y de Empleo de California | Melmed Law Group P.C - Melmed Law Group P.C.","isPartOf":{"@id":"https:\/\/www.melmedlaw.com\/es\/#website"},"datePublished":"2023-04-28T06:17:19+00:00","dateModified":"2023-06-26T18:19:24+00:00","breadcrumb":{"@id":"https:\/\/www.melmedlaw.com\/es\/sobre\/#breadcrumb"},"inLanguage":"es","potentialAction":[{"@type":"ReadAction","target":["https:\/\/www.melmedlaw.com\/es\/sobre\/"]}]},{"@type":"BreadcrumbList","@id":"https:\/\/www.melmedlaw.com\/es\/sobre\/#breadcrumb","itemListElement":[{"@type":"ListItem","position":1,"name":"Home","item":"https:\/\/www.melmedlaw.com\/es\/"},{"@type":"ListItem","position":2,"name":"Sobre Nosotros | Abogados Laborales Y de Empleo de California | Melmed Law Group P.C"}]},{"@type":"WebSite","@id":"https:\/\/www.melmedlaw.com\/es\/#website","url":"https:\/\/www.melmedlaw.com\/es\/","name":"Melmed Law Group P.C.","description":"Labor &amp; Employment Lawyers","publisher":{"@id":"https:\/\/www.melmedlaw.com\/es\/#organization"},"potentialAction":[{"@type":"SearchAction","target":{"@type":"EntryPoint","urlTemplate":"https:\/\/www.melmedlaw.com\/es\/?s={search_term_string}"},"query-input":{"@type":"PropertyValueSpecification","valueRequired":true,"valueName":"search_term_string"}}],"inLanguage":"es"},{"@type":"Organization","@id":"https:\/\/www.melmedlaw.com\/es\/#organization","name":"Melmed Law Group P.C.","url":"https:\/\/www.melmedlaw.com\/es\/","logo":{"@type":"ImageObject","inLanguage":"es","@id":"https:\/\/www.melmedlaw.com\/es\/#\/schema\/logo\/image\/","url":"https:\/\/www.melmedlaw.com\/wp-content\/uploads\/2022\/08\/mlg-logo-03.png","contentUrl":"https:\/\/www.melmedlaw.com\/wp-content\/uploads\/2022\/08\/mlg-logo-03.png","width":1151,"height":300,"caption":"Melmed Law Group P.C."},"image":{"@id":"https:\/\/www.melmedlaw.com\/es\/#\/schema\/logo\/image\/"}}]}},"_links":{"self":[{"href":"https:\/\/www.melmedlaw.com\/es\/wp-json\/wp\/v2\/pages\/18244","targetHints":{"allow":["GET"]}}],"collection":[{"href":"https:\/\/www.melmedlaw.com\/es\/wp-json\/wp\/v2\/pages"}],"about":[{"href":"https:\/\/www.melmedlaw.com\/es\/wp-json\/wp\/v2\/types\/page"}],"author":[{"embeddable":true,"href":"https:\/\/www.melmedlaw.com\/es\/wp-json\/wp\/v2\/users\/1"}],"replies":[{"embeddable":true,"href":"https:\/\/www.melmedlaw.com\/es\/wp-json\/wp\/v2\/comments?post=18244"}],"version-history":[{"count":2,"href":"https:\/\/www.melmedlaw.com\/es\/wp-json\/wp\/v2\/pages\/18244\/revisions"}],"predecessor-version":[{"id":18246,"href":"https:\/\/www.melmedlaw.com\/es\/wp-json\/wp\/v2\/pages\/18244\/revisions\/18246"}],"wp:attachment":[{"href":"https:\/\/www.melmedlaw.com\/es\/wp-json\/wp\/v2\/media?parent=18244"}],"curies":[{"name":"wp","href":"https:\/\/api.w.org\/{rel}","templated":true}]}}