{"id":18154,"date":"2020-05-01T15:53:30","date_gmt":"2020-05-01T22:53:30","guid":{"rendered":"https:\/\/melmedlaw.net\/?page_id=18154"},"modified":"2023-06-29T06:42:24","modified_gmt":"2023-06-29T06:42:24","slug":"abogados-de-acoso-sexual-en-san-diego","status":"publish","type":"page","link":"https:\/\/www.melmedlaw.com\/es\/abogados-de-acoso-sexual-en-california\/san-diego\/","title":{"rendered":"Abogados de Acoso Sexual en San Diego"},"content":{"rendered":"<h1>ABOGADOS DE ACOSO SEXUAL EN SAN DIEGO<\/h1>\t\t\r\n\t\t<p>El abogado de acoso sexual de San Diego en Melmed Law Group P.C. ofrece una consulta gratuita para las v\u00edctimas de acoso sexual en San Diego y en todo el condado de San Diego. Nuestros abogados luchan de manera contingente y tienen la experiencia y los recursos para ayudarlo a navegar durante este momento dif\u00edcil.<\/p>\r\n<p>Programe una consulta gratuita con un abogado laboral experimentado para ver c\u00f3mo podemos ayudarlo a recuperarse y seguir adelante.<\/p>\r\n\t\t\t<h2>Abogados de acoso sexual que representan a v\u00edctimas de acoso sexual en el lugar de trabajo en San Diego<\/h2>\t\t\r\n\t\t<p>Cada trabajador tiene derecho a un lugar de trabajo libre de intimidaci\u00f3n y miedo, pero desafortunadamente, eso no es el caso de algunos empleados en San Diego. Nuestros abogados de acoso sexual en San Diego comprenden que el acoso sexual en el lugar de trabajo es una experiencia traum\u00e1tica y que posiblemente es un tema que usted no esta c\u00f3modo hablar de.<\/p>\r\n<p>Nosotros hemos adoptado un enfoque sensible y guiamos a nuestros clientes a trav\u00e9s de cada paso del proceso legal respondiendo cualquier pregunta que tengan para aliviarlos durante su tiempo de angustia.<\/p>\r\n<p>Los abogados de Melmed Law Group P.C., tienen experiencia significativa en litigando reclamos de acoso sexual, y no solo luchamos por nuestros clientes en San Diego, estamos aqu\u00ed para ayudarlos a sanar y seguir adelante.<\/p>\r\n<p><strong>Nosotros luchamos para nuestros clientes bajo un plan de contingencia y ofrecemos una consulta gratuita de 15 minutos con un abogado de acoso sexual que trabaja en San Diego para ayudarlo a evaluar sus opciones y determinar el mejor plan de acci\u00f3n para usted.<\/strong><\/p>\r\n\t\t\t<h3>NUESTRO ABOGADO DE ACOSO SEXUAL EN SAN DIEGO PUEDE AYUDAR SI ES V\u00cdCTIMA DE ACOSO SEXUAL<\/h3>\t\t\r\n\t\t<p>Primero, si cree que es v\u00edctima de acoso sexual, revise las p\u00f3lizas de acoso sexual de su empresa para comprender las p\u00f3lizas y los procedimientos de la empresa para reportar un problema. Su queja debe ser sometido al departamento de recursos humanos en escrito. Mantenga registros de cada incidente de acoso con la fecha y hora y las personas que fueron parte del incidente o que fueron testigos. Guarde los correos electr\u00f3nicos, notas u otra documentaci\u00f3n de respaldo.<\/p>\r\n<p>Despu\u00e9s siga el proceso de su empleador para denunciar el acoso (si existe tal p\u00f3liza). Tenga en cuenta que a veces, si no informa la conducta de ninguna manera, puede afectar su capacidad para seguir adelante y presentar un reclamo contra su empleador. Si ese es el caso, tambi\u00e9n puede recurrir a los supervisores y compa\u00f1eros de trabajo de su empresa, quienes pueden ser considerados <u>personalmente<\/u> responsables de su acoso.<\/p>\r\n<p>Luego, revise la respuesta de la empresa.<\/p>\r\n<p><strong>Si esta sufriendo acoso ilegal en su trabajo y desea buscar compensaci\u00f3n por sus lesiones, comun\u00edquese con los abogados de acoso sexual de la oficina de Melmed Law Group P.C Abogados Laborales de San Diego.<\/strong><\/p>\r\n<p>Nuestros abogados son experimentados en derecho laboral pueden contestar sus preguntas y determinar c\u00f3mo proceder en el condado de San Diego. En muchos casos, el siguiente paso es presentar una queja ante la agencia estatal o federal correspondiente.<\/p>\r\n<p>El Departamento de Vivienda y Empleo Justo de California (DFEH) es la agencia estatal responsable de proteger a los habitantes de San Diego de la discriminaci\u00f3n ilegal en el empleo. Si el DFEH determina que se han violado los derechos civiles de un individuo, el departamento puede perseguir da\u00f1os en su nombre. De manera similar, la Comisi\u00f3n de Igualdad de Oportunidades en el Empleo (EEOC) hace cumplir las leyes federales contra la discriminaci\u00f3n.<\/p>\r\n\t\t\t<h3>NUESTROS ABOGADOS DE ACOSO SEXUAL LUCHAN CONTRA LAS REPRESALIAS DEL EMPLEADOR DESPU\u00c9S DE UN RECLAMO DE ACOSO SEXUAL<\/h3>\t\t\r\n\t\t<p>Si denuncia acoso sexual, su empleador puede tomar represalias contra usted, y dicha represalia tambi\u00e9n puede ser una forma de despido injustificado, degradaci\u00f3n, reducci\u00f3n de horas de empleo, denegaci\u00f3n de un bono o aumento merecido, traslado a un departamento diferente o exposici\u00f3n a una condici\u00f3n de empleo menos favorable. Este tipo de represalia es ilegal.<\/p>\r\n<p>Por lo tanto, se recomienda que cualquier persona que experimente acoso sexual documente los comportamientos, recopile pruebas a trav\u00e9s de copias de correspondencia interna, fotos y declaraciones de los empleados, y despu\u00e9s hable con un abogado lo mas antes posible.<\/p>\r\n<p>Si siente que est\u00e1 experimentando represalias y acoso sexual, comun\u00edquese con los abogados de acoso sexual de Melmed Law Group P.C. Abogados Laborales de San Diego.<\/p>\r\n<p><strong>Nuestros abogados de acoso sexual lo ayudar\u00e1n a documentar todas las acciones y comportamientos, recopilar evidencia y tomar declaraciones de testigos de los empleados en San Diego para obtener la compensaci\u00f3n a la que tiene derecho por las lesiones por acoso sexual.<\/strong><\/p>\r\n\t\t\t<h3>\u00bfEXISTE UN L\u00cdMITE DE TIEMPO PARA PRESENTAR UN RECLAMO POR ACOSO SEXUAL?<\/h3>\t\t\r\n\t\t<p>Existen limitaciones estrictas para presentar una demanda por acoso sexual. Para averiguar sus limitaciones de tiempo, llame a nuestra oficina para hablar con un abogado y averiguar las limitaciones de tiempo. Si no lo hace, es posible que no pueda recuperar ning\u00fan da\u00f1o.<\/p>\r\n\t\t\t<h2>\u00bfQU\u00c9 CONSTITUYE ACOSO SEXUAL EN SAN DIEGO, CALIFORNIA?<\/h2>\t\t\r\n\t\t<p>Las reglas del condado de San Diego para el acoso sexual se derivan de las reglas que fueron creadas por la Comisi\u00f3n de Igualdad de Oportunidades en el Empleo (EEOC), que se aplica a nivel federal.<\/p>\r\n<p>El Fiscal General de California dice que el acoso sexual en el lugar de trabajo es una forma de discriminaci\u00f3n sexual que viola el T\u00edtulo VII de la Ley Federal de Derechos Civiles de 1964 y la Ley de Vivienda y Empleo Justo de California.<\/p>\r\n<p>Estas leyes estatales y federales proh\u00edben acosar a una persona, ya sea un solicitante de empleo o un empleado, debido a su sexo. El acoso puede incluir acoso sexual, solicitudes de favores sexuales, insinuaciones sexuales no deseadas y otro acoso verbal o f\u00edsico de tipo sexual.<\/p>\r\n<p>Es importante saber que el acoso no tiene por qu\u00e9 ser de naturaleza sexual. Puede incluir comentarios ofensivos sobre el sexo de una persona. Y la ley de California dice que la conducta ofensiva puede basarse en el sexo o la identidad de g\u00e9nero (real o percibida) de un empleado, la orientaci\u00f3n sexual (real o percibida) y \/ o el embarazo, el parto o condiciones m\u00e9dicas relacionadas.<\/p>\r\n<p>En California, las incidencias reportadas de acoso sexual son un 5% m\u00e1s altas para las mujeres y un 10% m\u00e1s altas para los hombres que el promedio nacional, seg\u00fan un estudio de la Facultad de Medicina de la Universidad de California en San Diego. Adem\u00e1s, m\u00e1s del 86% de las mujeres en California (en comparaci\u00f3n con el 81% a nivel nacional) y el 53% de los hombres (en comparaci\u00f3n con el 43% a nivel nacional) informaron haber experimentado alguna forma de acoso y \/ o agresi\u00f3n sexual en su vida.<\/p>\r\n<p>Esto significa que es muy probable que usted o alguien que conozca en el \u00e1rea metropolitana de San Diego haya sufrido acoso sexual.<\/p>\r\n<p>Por las pol\u00edticas provistas del EEOC, puede ser v\u00edctima de acoso sexual en el lugar de trabajo si est\u00e1 sujeto a:<\/p>\r\n\t\t\t\t\t<ul>\r\n\t\t\t\t\t\t\t<li>\r\n\t\t\t\t\t\t\t\t\t\tInsinuaciones sexuales no deseadas;\r\n\t\t\t\t\t\t\t\t\t<\/li>\r\n\t\t\t\t\t\t\t\t<li>\r\n\t\t\t\t\t\t\t\t\t\tSolicitudes no deseadas de favores sexuales;\r\n\t\t\t\t\t\t\t\t\t<\/li>\r\n\t\t\t\t\t\t\t\t<li>\r\n\t\t\t\t\t\t\t\t\t\tContacto f\u00edsico no deseado de naturaleza sexual;\r\n\t\t\t\t\t\t\t\t\t<\/li>\r\n\t\t\t\t\t\t\t\t<li>\r\n\t\t\t\t\t\t\t\t\t\tConducta verbal o visual no deseada de naturaleza sexual;\r\n\t\t\t\t\t\t\t\t\t<\/li>\r\n\t\t\t\t\t\t\t\t<li>\r\n\t\t\t\t\t\t\t\t\t\tAcoso sexual quid pro quo. (intercambiar sexo o favores sexuales a cambio de un salario m\u00e1s alto o una promoci\u00f3n o alguna otra oportunidad de empleo favorable)\r\n\t\t\t\t\t\t\t\t\t<\/li>\r\n\t\t\t\t\t\t<\/ul>\r\n\t\t<p>En California, es ilegal que cualquier persona acose a otra persona por su sexo. En el lugar de trabajo, el acoso sexual puede manifestarse en forma de comentarios, solicitudes, conducta verbal de naturaleza sexual, gestos y contacto f\u00edsico no deseado que convierte el ambiente del lugar de trabajo hostil e intimidante.<\/p>\r\n<p><strong><em>Las formas espec\u00edficas de acoso sexual son:<\/em><\/strong><\/p>\r\n\t\t\t\t\t<ul>\r\n\t\t\t\t\t\t\t<li>\r\n\t\t\t\t\t\t\t\t\t\tFavores sexuales a cambio de un ascenso.\r\n\t\t\t\t\t\t\t\t\t<\/li>\r\n\t\t\t\t\t\t\t\t<li>\r\n\t\t\t\t\t\t\t\t\t\tToques no deseados, que incluyen tocar deliberadamente, inclinarse, abrazar y dar palmaditas.\r\n\t\t\t\t\t\t\t\t\t<\/li>\r\n\t\t\t\t\t\t\t\t<li>\r\n\t\t\t\t\t\t\t\t\t\tGestos no deseados como lanzar besos.\r\n\t\t\t\t\t\t\t\t\t<\/li>\r\n\t\t\t\t\t\t\t\t<li>\r\n\t\t\t\t\t\t\t\t\t\tContar chistes sexuales y hacer preguntas sexuales.\r\n\t\t\t\t\t\t\t\t\t<\/li>\r\n\t\t\t\t\t\t\t\t<li>\r\n\t\t\t\t\t\t\t\t\t\tPresiones repetidas del acosador para salir con victima\r\n\t\t\t\t\t\t\t\t\t<\/li>\r\n\t\t\t\t\t\t\t\t<li>\r\n\t\t\t\t\t\t\t\t\t\tSilbar o abuchear a alguien.\r\n\t\t\t\t\t\t\t\t\t<\/li>\r\n\t\t\t\t\t\t\t\t<li>\r\n\t\t\t\t\t\t\t\t\t\tCuentos de car\u00e1cter sexual o sugerente.\r\n\t\t\t\t\t\t\t\t\t<\/li>\r\n\t\t\t\t\t\t\t\t<li>\r\n\t\t\t\t\t\t\t\t\t\tPararse cerca de alguien a prop\u00f3sito.\r\n\t\t\t\t\t\t\t\t\t<\/li>\r\n\t\t\t\t\t\t<\/ul>\r\n\t\t<p>Adem\u00e1s, una v\u00edctima puede no ser una v\u00edctima \u00abdirecta\u00bb; alguien que haya sido testigo de acoso sexual, o que est\u00e9 sujeto a un ambiente de trabajo sexualmente hostil, tambi\u00e9n puede tener reclamos procesables por acoso sexual bajo la ley estatal y federal.<\/p>\r\n<p>Si bien las leyes no excluyen las burlas inocentes, los comentarios bruscos o los incidentes menores aislados, el acoso es ilegal cuando ocurre con tanta frecuencia o es tan severo que crea un ambiente de trabajo ofensivo u hostil \u2026 o cuando causa una decisi\u00f3n laboral adversa (como como el despido o degradaci\u00f3n laboral de la v\u00edctima).<\/p>\r\n<p>La persona que acosa a la v\u00edctima puede ser el gerente de la v\u00edctima, otro gerente o ejecutivo de la empresa, un compa\u00f1ero de trabajo e incluso una persona que no es un empleado como un consultor, un proveedor o un cliente.<\/p>\r\n<p>Los abogados de acoso sexual de Melmed Law Group P.C. en San Diego explican que si est\u00e1 pensando que sus condiciones de trabajo pueden ser un ambiente de trabajo hostil, mire estos ejemplos para ver si su situaci\u00f3n laboral cumple con los requisitos legales de un ambiente de trabajo hostil:<\/p>\r\n\t\t\t\t\t<ul>\r\n\t\t\t\t\t\t\t<li>\r\n\t\t\t\t\t\t\t\t\t\tEl comportamiento en su empleo es discriminatorio por g\u00e9nero, raza, religi\u00f3n, edad, orientaci\u00f3n, \r\n\t\t\t\t\t\t\t\t\t<\/li>\r\n\t\t\t\t\t\t\t\t<li>\r\n\t\t\t\t\t\t\t\t\t\tdiscapacidad o naci\u00f3n de origen (categor\u00edas protegidas por la Comisi\u00f3n de Igualdad de Oportunidades);\r\n\t\t\t\t\t\t\t\t\t<\/li>\r\n\t\t\t\t\t\t\t\t<li>\r\n\t\t\t\t\t\t\t\t\t\tUna persona razonable encontrar\u00eda el ambiente del trabajo hostil o abusivo;\r\n\t\t\t\t\t\t\t\t\t<\/li>\r\n\t\t\t\t\t\t\t\t<li>\r\n\t\t\t\t\t\t\t\t\t\tLa conducta en su trabajo se ha convertido en un problema generalizado y duradero;\r\n\t\t\t\t\t\t\t\t\t<\/li>\r\n\t\t\t\t\t\t\t\t<li>\r\n\t\t\t\t\t\t\t\t\t\tSu empleador no investig\u00f3 sus preocupaciones;\r\n\t\t\t\t\t\t\t\t\t<\/li>\r\n\t\t\t\t\t\t\t\t<li>\r\n\t\t\t\t\t\t\t\t\t\tSu deseo o capacidad de trabajar se ha visto afectado; o\r\n\t\t\t\t\t\t\t\t\t<\/li>\r\n\t\t\t\t\t\t\t\t<li>\r\n\t\t\t\t\t\t\t\t\t\tSu empleador sab\u00eda sobre el comportamiento hostil pero no hizo nada para abordar el problema.\r\n\t\t\t\t\t\t\t\t\t<\/li>\r\n\t\t\t\t\t\t<\/ul>\r\n\t\t\t<h2>Consulta gratuita con un abogado de acoso sexual en San Diego<\/h2>\t\t\r\n\t\t<p>Si usted o alguien que conoce es o fue v\u00edctima de acoso sexual en el lugar de trabajo en San Diego o el condado de San Diego, comun\u00edquese con los abogados de acoso sexual de Melmed Law Group P.C. para una consulta gratuita con uno de nuestros abogados. Ofrecemos una consulta gratuita de 15 minutos con un abogado de acoso sexual para ayudarlo a evaluar sus opciones y determinar el mejor plan de acci\u00f3n para usted.<\/p>\r\n<p>Todos los empleados en todos los puestos tienen derecho a un ambiente de trabajo libre de intimidaci\u00f3n y miedo. Los abogados de acoso sexual que prestan servicios de Melmed Law Group P.C en San Diego saben que el acoso sexual en el lugar de trabajo es una experiencia estresante y debilitante. Comun\u00edquese con nosotros abogados para recibir orientaci\u00f3n en cada paso del proceso legal.<\/p>\r\n<p>Si usted o alguien que conoce es o fue v\u00edctima de acoso sexual en el lugar de trabajo en San Diego o el condado de San Diego, comun\u00edquese con nosotros abogados para una <strong>consulta gratuita con uno de nuestros abogados de acoso sexual en San Diego<\/strong>. Comun\u00edquese ahora para una consulta confidencial gratuita y descubra lo que podemos hacer por usted.<\/p>","protected":false},"excerpt":{"rendered":"<p>ABOGADOS DE ACOSO SEXUAL EN SAN DIEGO El abogado de acoso sexual de San Diego en Melmed Law Group P.C. ofrece una consulta gratuita para las v\u00edctimas de acoso sexual en San Diego y en todo el condado de San Diego. Nuestros abogados luchan de manera contingente y tienen la experiencia y los recursos para [&hellip;]<\/p>\n","protected":false},"author":1,"featured_media":0,"parent":0,"menu_order":0,"comment_status":"closed","ping_status":"closed","template":"practice-area.php","meta":{"_acf_changed":false,"footnotes":""},"class_list":["post-18154","page","type-page","status-publish","hentry"],"acf":[],"yoast_head":"<!-- This site is optimized with the Yoast SEO plugin v24.1 - https:\/\/yoast.com\/wordpress\/plugins\/seo\/ -->\n<title>Abogados de Acoso Sexual en San Diego - Melmed Law Group P.C.<\/title>\n<meta name=\"robots\" content=\"index, follow, max-snippet:-1, max-image-preview:large, max-video-preview:-1\" \/>\n<link rel=\"canonical\" href=\"https:\/\/www.melmedlaw.com\/es\/abogados-de-acoso-sexual-en-california\/san-diego\/\" \/>\n<meta property=\"og:locale\" content=\"es_ES\" \/>\n<meta property=\"og:type\" content=\"article\" \/>\n<meta property=\"og:title\" content=\"Abogados de Acoso Sexual en San Diego - Melmed Law Group P.C.\" \/>\n<meta property=\"og:description\" content=\"ABOGADOS DE ACOSO SEXUAL EN SAN DIEGO El abogado de acoso sexual de San Diego en Melmed Law Group P.C. ofrece una consulta gratuita para las v\u00edctimas de acoso sexual en San Diego y en todo el condado de San Diego. Nuestros abogados luchan de manera contingente y tienen la experiencia y los recursos para [&hellip;]\" \/>\n<meta property=\"og:url\" content=\"https:\/\/www.melmedlaw.com\/es\/abogados-de-acoso-sexual-en-california\/san-diego\/\" \/>\n<meta property=\"og:site_name\" content=\"Melmed Law Group P.C.\" \/>\n<meta property=\"article:modified_time\" content=\"2023-06-29T06:42:24+00:00\" \/>\n<meta name=\"twitter:card\" content=\"summary_large_image\" \/>\n<meta name=\"twitter:label1\" content=\"Tiempo de lectura\" \/>\n\t<meta name=\"twitter:data1\" content=\"10 minutos\" \/>\n<script type=\"application\/ld+json\" class=\"yoast-schema-graph\">{\"@context\":\"https:\/\/schema.org\",\"@graph\":[{\"@type\":\"WebPage\",\"@id\":\"https:\/\/www.melmedlaw.com\/es\/abogados-de-acoso-sexual-en-california\/san-diego\/\",\"url\":\"https:\/\/www.melmedlaw.com\/es\/abogados-de-acoso-sexual-en-california\/san-diego\/\",\"name\":\"Abogados de Acoso Sexual en San Diego - Melmed Law Group P.C.\",\"isPartOf\":{\"@id\":\"https:\/\/www.melmedlaw.com\/es\/#website\"},\"datePublished\":\"2020-05-01T22:53:30+00:00\",\"dateModified\":\"2023-06-29T06:42:24+00:00\",\"breadcrumb\":{\"@id\":\"https:\/\/www.melmedlaw.com\/es\/abogados-de-acoso-sexual-en-california\/san-diego\/#breadcrumb\"},\"inLanguage\":\"es\",\"potentialAction\":[{\"@type\":\"ReadAction\",\"target\":[\"https:\/\/www.melmedlaw.com\/es\/abogados-de-acoso-sexual-en-california\/san-diego\/\"]}]},{\"@type\":\"BreadcrumbList\",\"@id\":\"https:\/\/www.melmedlaw.com\/es\/abogados-de-acoso-sexual-en-california\/san-diego\/#breadcrumb\",\"itemListElement\":[{\"@type\":\"ListItem\",\"position\":1,\"name\":\"Home\",\"item\":\"https:\/\/www.melmedlaw.com\/es\/\"},{\"@type\":\"ListItem\",\"position\":2,\"name\":\"Abogados de Acoso Sexual en San Diego\"}]},{\"@type\":\"WebSite\",\"@id\":\"https:\/\/www.melmedlaw.com\/es\/#website\",\"url\":\"https:\/\/www.melmedlaw.com\/es\/\",\"name\":\"Melmed Law Group P.C.\",\"description\":\"Labor &amp; Employment Lawyers\",\"publisher\":{\"@id\":\"https:\/\/www.melmedlaw.com\/es\/#organization\"},\"potentialAction\":[{\"@type\":\"SearchAction\",\"target\":{\"@type\":\"EntryPoint\",\"urlTemplate\":\"https:\/\/www.melmedlaw.com\/es\/?s={search_term_string}\"},\"query-input\":{\"@type\":\"PropertyValueSpecification\",\"valueRequired\":true,\"valueName\":\"search_term_string\"}}],\"inLanguage\":\"es\"},{\"@type\":\"Organization\",\"@id\":\"https:\/\/www.melmedlaw.com\/es\/#organization\",\"name\":\"Melmed Law Group P.C.\",\"url\":\"https:\/\/www.melmedlaw.com\/es\/\",\"logo\":{\"@type\":\"ImageObject\",\"inLanguage\":\"es\",\"@id\":\"https:\/\/www.melmedlaw.com\/es\/#\/schema\/logo\/image\/\",\"url\":\"https:\/\/www.melmedlaw.com\/wp-content\/uploads\/2022\/08\/mlg-logo-03.png\",\"contentUrl\":\"https:\/\/www.melmedlaw.com\/wp-content\/uploads\/2022\/08\/mlg-logo-03.png\",\"width\":1151,\"height\":300,\"caption\":\"Melmed Law Group P.C.\"},\"image\":{\"@id\":\"https:\/\/www.melmedlaw.com\/es\/#\/schema\/logo\/image\/\"}}]}<\/script>\n<!-- \/ Yoast SEO plugin. -->","yoast_head_json":{"title":"Abogados de Acoso Sexual en San Diego - Melmed Law Group P.C.","robots":{"index":"index","follow":"follow","max-snippet":"max-snippet:-1","max-image-preview":"max-image-preview:large","max-video-preview":"max-video-preview:-1"},"canonical":"https:\/\/www.melmedlaw.com\/es\/abogados-de-acoso-sexual-en-california\/san-diego\/","og_locale":"es_ES","og_type":"article","og_title":"Abogados de Acoso Sexual en San Diego - Melmed Law Group P.C.","og_description":"ABOGADOS DE ACOSO SEXUAL EN SAN DIEGO El abogado de acoso sexual de San Diego en Melmed Law Group P.C. ofrece una consulta gratuita para las v\u00edctimas de acoso sexual en San Diego y en todo el condado de San Diego. Nuestros abogados luchan de manera contingente y tienen la experiencia y los recursos para [&hellip;]","og_url":"https:\/\/www.melmedlaw.com\/es\/abogados-de-acoso-sexual-en-california\/san-diego\/","og_site_name":"Melmed Law Group P.C.","article_modified_time":"2023-06-29T06:42:24+00:00","twitter_card":"summary_large_image","twitter_misc":{"Tiempo de lectura":"10 minutos"},"schema":{"@context":"https:\/\/schema.org","@graph":[{"@type":"WebPage","@id":"https:\/\/www.melmedlaw.com\/es\/abogados-de-acoso-sexual-en-california\/san-diego\/","url":"https:\/\/www.melmedlaw.com\/es\/abogados-de-acoso-sexual-en-california\/san-diego\/","name":"Abogados de Acoso Sexual en San Diego - Melmed Law Group P.C.","isPartOf":{"@id":"https:\/\/www.melmedlaw.com\/es\/#website"},"datePublished":"2020-05-01T22:53:30+00:00","dateModified":"2023-06-29T06:42:24+00:00","breadcrumb":{"@id":"https:\/\/www.melmedlaw.com\/es\/abogados-de-acoso-sexual-en-california\/san-diego\/#breadcrumb"},"inLanguage":"es","potentialAction":[{"@type":"ReadAction","target":["https:\/\/www.melmedlaw.com\/es\/abogados-de-acoso-sexual-en-california\/san-diego\/"]}]},{"@type":"BreadcrumbList","@id":"https:\/\/www.melmedlaw.com\/es\/abogados-de-acoso-sexual-en-california\/san-diego\/#breadcrumb","itemListElement":[{"@type":"ListItem","position":1,"name":"Home","item":"https:\/\/www.melmedlaw.com\/es\/"},{"@type":"ListItem","position":2,"name":"Abogados de Acoso Sexual en San Diego"}]},{"@type":"WebSite","@id":"https:\/\/www.melmedlaw.com\/es\/#website","url":"https:\/\/www.melmedlaw.com\/es\/","name":"Melmed Law Group P.C.","description":"Labor &amp; Employment Lawyers","publisher":{"@id":"https:\/\/www.melmedlaw.com\/es\/#organization"},"potentialAction":[{"@type":"SearchAction","target":{"@type":"EntryPoint","urlTemplate":"https:\/\/www.melmedlaw.com\/es\/?s={search_term_string}"},"query-input":{"@type":"PropertyValueSpecification","valueRequired":true,"valueName":"search_term_string"}}],"inLanguage":"es"},{"@type":"Organization","@id":"https:\/\/www.melmedlaw.com\/es\/#organization","name":"Melmed Law Group P.C.","url":"https:\/\/www.melmedlaw.com\/es\/","logo":{"@type":"ImageObject","inLanguage":"es","@id":"https:\/\/www.melmedlaw.com\/es\/#\/schema\/logo\/image\/","url":"https:\/\/www.melmedlaw.com\/wp-content\/uploads\/2022\/08\/mlg-logo-03.png","contentUrl":"https:\/\/www.melmedlaw.com\/wp-content\/uploads\/2022\/08\/mlg-logo-03.png","width":1151,"height":300,"caption":"Melmed Law Group P.C."},"image":{"@id":"https:\/\/www.melmedlaw.com\/es\/#\/schema\/logo\/image\/"}}]}},"_links":{"self":[{"href":"https:\/\/www.melmedlaw.com\/es\/wp-json\/wp\/v2\/pages\/18154","targetHints":{"allow":["GET"]}}],"collection":[{"href":"https:\/\/www.melmedlaw.com\/es\/wp-json\/wp\/v2\/pages"}],"about":[{"href":"https:\/\/www.melmedlaw.com\/es\/wp-json\/wp\/v2\/types\/page"}],"author":[{"embeddable":true,"href":"https:\/\/www.melmedlaw.com\/es\/wp-json\/wp\/v2\/users\/1"}],"replies":[{"embeddable":true,"href":"https:\/\/www.melmedlaw.com\/es\/wp-json\/wp\/v2\/comments?post=18154"}],"version-history":[{"count":5,"href":"https:\/\/www.melmedlaw.com\/es\/wp-json\/wp\/v2\/pages\/18154\/revisions"}],"predecessor-version":[{"id":18408,"href":"https:\/\/www.melmedlaw.com\/es\/wp-json\/wp\/v2\/pages\/18154\/revisions\/18408"}],"wp:attachment":[{"href":"https:\/\/www.melmedlaw.com\/es\/wp-json\/wp\/v2\/media?parent=18154"}],"curies":[{"name":"wp","href":"https:\/\/api.w.org\/{rel}","templated":true}]}}