{"id":18139,"date":"2021-07-27T18:36:27","date_gmt":"2021-07-27T18:36:27","guid":{"rendered":"https:\/\/melmedlaw.net\/?page_id=18139"},"modified":"2023-06-27T08:30:03","modified_gmt":"2023-06-27T08:30:03","slug":"politica-de-privacidad","status":"publish","type":"page","link":"https:\/\/www.melmedlaw.com\/es\/politica-de-privacidad\/","title":{"rendered":"Pol\u00edtica de Privacidad"},"content":{"rendered":"<p><strong>Esta Pol\u00edtica, Privacidad y Datos.<\/strong> Aparte de lo descrito en esta Pol\u00edtica, no daremos ninguna informaci\u00f3n sobre usted a terceros sin su permiso expreso.<\/p>\r\n\r\n<p><strong>Recopilaci\u00f3n y Uso de la Informaci\u00f3n.<\/strong> Nuestro sitio utiliza formularios en los que nos proporciona informaci\u00f3n de contacto (incluyendo su nombre, n\u00famero de tel\u00e9fono y direcci\u00f3n de correo electr\u00f3nico) para que pueda solicitar informaci\u00f3n y solicitar una consulta gratuita con un abogado sobre los detalles espec\u00edficos de su caso. Nunca le pediremos un n\u00famero de tarjeta de cr\u00e9dito, un n\u00famero de identificaci\u00f3n gubernamental u otra informaci\u00f3n financiera. Recibimos y almacenamos cualquier informaci\u00f3n que introduzca en nuestro sitio o que nos proporciona de cualquier otra forma, incluyendo a trav\u00e9s de correo electr\u00f3nico, tel\u00e9fono u otras comunicaciones.<\/p>\r\n\r\n<p>Si se pone en contacto con nosotros para una consulta gratuita o para asesoramiento legal, mantendremos un registro interno de la consulta. Despu\u00e9s de proporcionarnos su informaci\u00f3n de contacto, podemos usar su informaci\u00f3n para contactarlo con respecto a su consulta inicial gratuita de 15 minutos y\/o con respecto a los detalles de su caso. Utilizamos la informaci\u00f3n recopilada sobre usted desde las estad\u00edsticas de nuestro sitio (por ejemplo, su direcci\u00f3n IP) para ayudar a diagnosticar problemas con nuestro servidor y administrar nuestro sitio. Tambi\u00e9n recopilamos informaci\u00f3n demogr\u00e1fica amplia de estos datos para ayudarnos a mejorar nuestro sitio y hacer su experiencia de navegaci\u00f3n y compra m\u00e1s agradable. Esta informaci\u00f3n no est\u00e1 vinculada a ninguna informaci\u00f3n personal identificable, excepto cuando sea necesario para prevenir fraudes o abusos en nuestro sistema.<\/p>\r\n\r\n<p>Este sitio puede contener enlaces a otros sitios web. No somos responsables de las pr\u00e1cticas de privacidad o del contenido de dichos sitios.<\/p>\r\n\r\n<p><strong>Seguridad.<\/strong> Este sitio tiene medidas de seguridad para proteger contra la p\u00e9rdida, mal uso o alteraci\u00f3n de la informaci\u00f3n bajo nuestro control.<\/p>\r\n\r\n<p><strong>Env\u00edo de Correos Electr\u00f3nicos.<\/strong> Principalmente utilizamos correos electr\u00f3nicos para comunicarnos con usted y para enviarle la informaci\u00f3n que ha solicitado. Tambi\u00e9n proporcionamos enlaces de correo electr\u00f3nico para que pueda contactarnos directamente. Nos esforzamos por responder a sus mensajes de forma oportuna. La informaci\u00f3n que nos env\u00eda puede ser almacenada y utilizada para mejorar este sitio, o puede ser revisada y descartada.<\/p>\r\n\r\n<p><strong>Proveedores de Servicios de Terceros.<\/strong> No proporcionaremos informaci\u00f3n sobre usted a terceros a menos que sea para realizar un an\u00e1lisis de nuestros servicios y nuestra demograf\u00eda de clientes y\/o gesti\u00f3n de relaciones con clientes. Solo compartiremos la informaci\u00f3n sobre usted que sea necesaria para que el tercero proporcione el servicio solicitado. A estas empresas se les proh\u00edbe retener, compartir, almacenar o usar su informaci\u00f3n personal identificable para cualquier prop\u00f3sito secundario.<\/p>\r\n\r\n<p><strong>Suplementaci\u00f3n de la Informaci\u00f3n.<\/strong> Para proporcionar ciertos servicios a usted, podemos en ocasiones complementar la informaci\u00f3n personal que nos env\u00eda con informaci\u00f3n de fuentes de terceros (por ejemplo, informaci\u00f3n de nuestros socios estrat\u00e9gicos, proveedores de servicios o del\r\n\r\n Servicio Postal de los Estados Unidos). Hacemos esto para mejorar nuestra capacidad de servirle, para adaptar nuestros productos y servicios a usted y para ofrecerle oportunidades de comprar productos o servicios que creemos que pueden ser de su inter\u00e9s.<\/p>\r\n\r\n<p><strong>Anuncios Dirigidos.<\/strong> Podemos mostrar ofertas dirigidas a clientes y\/o potenciales clientes. Estas ofertas se mostrar\u00e1n en forma de banners de productos variados. No se recopila informaci\u00f3n personal o de geolocalizaci\u00f3n dentro de estos banners de productos para crear un perfil sobre sus actividades o que se comparta con empresas de publicidad de terceros.<\/p>\r\n\r\n<p><strong>Actualizaci\u00f3n de Su Informaci\u00f3n.<\/strong> Puede alterar la informaci\u00f3n de su cuenta u optar por no recibir comunicaciones de nosotros y nuestros socios en cualquier momento. Tenemos las siguientes opciones para cambiar y modificar su informaci\u00f3n de cuenta o preferencias de contacto. Puede enviar un correo electr\u00f3nico a info@melmedlaw.com o enviarnos correo a: Melmed Law Group P.C., 1801 Century Park East, Suite 850, Los Angeles, California 90067.<\/p>\r\n\r\n<p><strong>Cumplimiento de Leyes y Cumplimiento Legal.<\/strong> Colaboramos con funcionarios del gobierno y de la ley y con partes privadas para hacer cumplir y cumplir con la ley. Revelaremos cualquier informaci\u00f3n sobre usted a funcionarios del gobierno o de la ley o a partes privadas seg\u00fan lo creamos, a nuestra sola discreci\u00f3n, necesario o apropiado para responder a reclamos y procesos legales (incluyendo sin limitaci\u00f3n citaciones), para proteger nuestra propiedad y derechos o la propiedad y derechos de un tercero, para proteger la seguridad del p\u00fablico o de cualquier persona, o para prevenir o detener la actividad que consideremos ilegal o poco \u00e9tica. Tambi\u00e9n compartiremos su informaci\u00f3n en la medida necesaria para cumplir con las reglas, regulaciones y pol\u00edticas de ICANN.<\/p>\r\n\r\n<p><strong>Cambios en Nuestras Pr\u00e1cticas.<\/strong> Nos reservamos el derecho de modificar esta Pol\u00edtica de Privacidad en cualquier momento. Si decidimos cambiar nuestra Pol\u00edtica de Privacidad, publicaremos esos cambios en esta Pol\u00edtica de Privacidad y en cualquier otro lugar que consideremos apropiado, para que est\u00e9 al tanto de qu\u00e9 informaci\u00f3n recopilamos, c\u00f3mo la usamos y bajo qu\u00e9 circunstancias, si las hay, la divulgamos. Si hacemos cambios materiales a esta Pol\u00edtica, le notificaremos aqu\u00ed, por correo electr\u00f3nico o mediante un aviso en nuestra p\u00e1gina de inicio, al menos treinta (30) d\u00edas antes de la implementaci\u00f3n de los cambios.<\/p>\r\n\r\n<p><strong>Contactando Nuestro Sitio.<\/strong> Si tiene alguna pregunta sobre nuestra Pol\u00edtica de Privacidad, las pr\u00e1cticas de este sitio, o sus tratos con este sitio, por favor cont\u00e1ctenos en <a href=\"mailto:info@melmedlaw.com\">info@melmedlaw.com<\/a>.<\/p>","protected":false},"excerpt":{"rendered":"<p>Esta Pol\u00edtica, Privacidad y Datos. Aparte de lo descrito en esta Pol\u00edtica, no daremos ninguna informaci\u00f3n sobre usted a terceros sin su permiso expreso. Recopilaci\u00f3n y Uso de la Informaci\u00f3n. Nuestro sitio utiliza formularios en los que nos proporciona informaci\u00f3n de contacto (incluyendo su nombre, n\u00famero de tel\u00e9fono y direcci\u00f3n de correo electr\u00f3nico) para que [&hellip;]<\/p>\n","protected":false},"author":1,"featured_media":0,"parent":0,"menu_order":0,"comment_status":"closed","ping_status":"open","template":"","meta":{"_acf_changed":false,"footnotes":""},"class_list":["post-18139","page","type-page","status-publish","hentry"],"acf":[],"yoast_head":"<!-- This site is optimized with the Yoast SEO plugin v24.1 - https:\/\/yoast.com\/wordpress\/plugins\/seo\/ -->\n<title>Pol\u00edtica de Privacidad - Melmed Law Group P.C.<\/title>\n<meta name=\"robots\" content=\"index, follow, max-snippet:-1, max-image-preview:large, max-video-preview:-1\" \/>\n<link rel=\"canonical\" href=\"https:\/\/www.melmedlaw.com\/es\/politica-de-privacidad\/\" \/>\n<meta property=\"og:locale\" content=\"es_ES\" \/>\n<meta property=\"og:type\" content=\"article\" \/>\n<meta property=\"og:title\" content=\"Pol\u00edtica de Privacidad - Melmed Law Group P.C.\" \/>\n<meta property=\"og:description\" content=\"Esta Pol\u00edtica, Privacidad y Datos. Aparte de lo descrito en esta Pol\u00edtica, no daremos ninguna informaci\u00f3n sobre usted a terceros sin su permiso expreso. Recopilaci\u00f3n y Uso de la Informaci\u00f3n. Nuestro sitio utiliza formularios en los que nos proporciona informaci\u00f3n de contacto (incluyendo su nombre, n\u00famero de tel\u00e9fono y direcci\u00f3n de correo electr\u00f3nico) para que [&hellip;]\" \/>\n<meta property=\"og:url\" content=\"https:\/\/www.melmedlaw.com\/es\/politica-de-privacidad\/\" \/>\n<meta property=\"og:site_name\" content=\"Melmed Law Group P.C.\" \/>\n<meta property=\"article:modified_time\" content=\"2023-06-27T08:30:03+00:00\" \/>\n<meta name=\"twitter:card\" content=\"summary_large_image\" \/>\n<meta name=\"twitter:label1\" content=\"Tiempo de lectura\" \/>\n\t<meta name=\"twitter:data1\" content=\"5 minutos\" \/>\n<script type=\"application\/ld+json\" class=\"yoast-schema-graph\">{\"@context\":\"https:\/\/schema.org\",\"@graph\":[{\"@type\":\"WebPage\",\"@id\":\"https:\/\/www.melmedlaw.com\/es\/politica-de-privacidad\/\",\"url\":\"https:\/\/www.melmedlaw.com\/es\/politica-de-privacidad\/\",\"name\":\"Pol\u00edtica de Privacidad - Melmed Law Group P.C.\",\"isPartOf\":{\"@id\":\"https:\/\/www.melmedlaw.com\/es\/#website\"},\"datePublished\":\"2021-07-27T18:36:27+00:00\",\"dateModified\":\"2023-06-27T08:30:03+00:00\",\"breadcrumb\":{\"@id\":\"https:\/\/www.melmedlaw.com\/es\/politica-de-privacidad\/#breadcrumb\"},\"inLanguage\":\"es\",\"potentialAction\":[{\"@type\":\"ReadAction\",\"target\":[\"https:\/\/www.melmedlaw.com\/es\/politica-de-privacidad\/\"]}]},{\"@type\":\"BreadcrumbList\",\"@id\":\"https:\/\/www.melmedlaw.com\/es\/politica-de-privacidad\/#breadcrumb\",\"itemListElement\":[{\"@type\":\"ListItem\",\"position\":1,\"name\":\"Home\",\"item\":\"https:\/\/www.melmedlaw.com\/es\/\"},{\"@type\":\"ListItem\",\"position\":2,\"name\":\"Pol\u00edtica de Privacidad\"}]},{\"@type\":\"WebSite\",\"@id\":\"https:\/\/www.melmedlaw.com\/es\/#website\",\"url\":\"https:\/\/www.melmedlaw.com\/es\/\",\"name\":\"Melmed Law Group P.C.\",\"description\":\"Labor &amp; Employment Lawyers\",\"publisher\":{\"@id\":\"https:\/\/www.melmedlaw.com\/es\/#organization\"},\"potentialAction\":[{\"@type\":\"SearchAction\",\"target\":{\"@type\":\"EntryPoint\",\"urlTemplate\":\"https:\/\/www.melmedlaw.com\/es\/?s={search_term_string}\"},\"query-input\":{\"@type\":\"PropertyValueSpecification\",\"valueRequired\":true,\"valueName\":\"search_term_string\"}}],\"inLanguage\":\"es\"},{\"@type\":\"Organization\",\"@id\":\"https:\/\/www.melmedlaw.com\/es\/#organization\",\"name\":\"Melmed Law Group P.C.\",\"url\":\"https:\/\/www.melmedlaw.com\/es\/\",\"logo\":{\"@type\":\"ImageObject\",\"inLanguage\":\"es\",\"@id\":\"https:\/\/www.melmedlaw.com\/es\/#\/schema\/logo\/image\/\",\"url\":\"https:\/\/www.melmedlaw.com\/wp-content\/uploads\/2022\/08\/mlg-logo-03.png\",\"contentUrl\":\"https:\/\/www.melmedlaw.com\/wp-content\/uploads\/2022\/08\/mlg-logo-03.png\",\"width\":1151,\"height\":300,\"caption\":\"Melmed Law Group P.C.\"},\"image\":{\"@id\":\"https:\/\/www.melmedlaw.com\/es\/#\/schema\/logo\/image\/\"}}]}<\/script>\n<!-- \/ Yoast SEO plugin. -->","yoast_head_json":{"title":"Pol\u00edtica de Privacidad - Melmed Law Group P.C.","robots":{"index":"index","follow":"follow","max-snippet":"max-snippet:-1","max-image-preview":"max-image-preview:large","max-video-preview":"max-video-preview:-1"},"canonical":"https:\/\/www.melmedlaw.com\/es\/politica-de-privacidad\/","og_locale":"es_ES","og_type":"article","og_title":"Pol\u00edtica de Privacidad - Melmed Law Group P.C.","og_description":"Esta Pol\u00edtica, Privacidad y Datos. Aparte de lo descrito en esta Pol\u00edtica, no daremos ninguna informaci\u00f3n sobre usted a terceros sin su permiso expreso. Recopilaci\u00f3n y Uso de la Informaci\u00f3n. Nuestro sitio utiliza formularios en los que nos proporciona informaci\u00f3n de contacto (incluyendo su nombre, n\u00famero de tel\u00e9fono y direcci\u00f3n de correo electr\u00f3nico) para que [&hellip;]","og_url":"https:\/\/www.melmedlaw.com\/es\/politica-de-privacidad\/","og_site_name":"Melmed Law Group P.C.","article_modified_time":"2023-06-27T08:30:03+00:00","twitter_card":"summary_large_image","twitter_misc":{"Tiempo de lectura":"5 minutos"},"schema":{"@context":"https:\/\/schema.org","@graph":[{"@type":"WebPage","@id":"https:\/\/www.melmedlaw.com\/es\/politica-de-privacidad\/","url":"https:\/\/www.melmedlaw.com\/es\/politica-de-privacidad\/","name":"Pol\u00edtica de Privacidad - Melmed Law Group P.C.","isPartOf":{"@id":"https:\/\/www.melmedlaw.com\/es\/#website"},"datePublished":"2021-07-27T18:36:27+00:00","dateModified":"2023-06-27T08:30:03+00:00","breadcrumb":{"@id":"https:\/\/www.melmedlaw.com\/es\/politica-de-privacidad\/#breadcrumb"},"inLanguage":"es","potentialAction":[{"@type":"ReadAction","target":["https:\/\/www.melmedlaw.com\/es\/politica-de-privacidad\/"]}]},{"@type":"BreadcrumbList","@id":"https:\/\/www.melmedlaw.com\/es\/politica-de-privacidad\/#breadcrumb","itemListElement":[{"@type":"ListItem","position":1,"name":"Home","item":"https:\/\/www.melmedlaw.com\/es\/"},{"@type":"ListItem","position":2,"name":"Pol\u00edtica de Privacidad"}]},{"@type":"WebSite","@id":"https:\/\/www.melmedlaw.com\/es\/#website","url":"https:\/\/www.melmedlaw.com\/es\/","name":"Melmed Law Group P.C.","description":"Labor &amp; Employment Lawyers","publisher":{"@id":"https:\/\/www.melmedlaw.com\/es\/#organization"},"potentialAction":[{"@type":"SearchAction","target":{"@type":"EntryPoint","urlTemplate":"https:\/\/www.melmedlaw.com\/es\/?s={search_term_string}"},"query-input":{"@type":"PropertyValueSpecification","valueRequired":true,"valueName":"search_term_string"}}],"inLanguage":"es"},{"@type":"Organization","@id":"https:\/\/www.melmedlaw.com\/es\/#organization","name":"Melmed Law Group P.C.","url":"https:\/\/www.melmedlaw.com\/es\/","logo":{"@type":"ImageObject","inLanguage":"es","@id":"https:\/\/www.melmedlaw.com\/es\/#\/schema\/logo\/image\/","url":"https:\/\/www.melmedlaw.com\/wp-content\/uploads\/2022\/08\/mlg-logo-03.png","contentUrl":"https:\/\/www.melmedlaw.com\/wp-content\/uploads\/2022\/08\/mlg-logo-03.png","width":1151,"height":300,"caption":"Melmed Law Group P.C."},"image":{"@id":"https:\/\/www.melmedlaw.com\/es\/#\/schema\/logo\/image\/"}}]}},"_links":{"self":[{"href":"https:\/\/www.melmedlaw.com\/es\/wp-json\/wp\/v2\/pages\/18139","targetHints":{"allow":["GET"]}}],"collection":[{"href":"https:\/\/www.melmedlaw.com\/es\/wp-json\/wp\/v2\/pages"}],"about":[{"href":"https:\/\/www.melmedlaw.com\/es\/wp-json\/wp\/v2\/types\/page"}],"author":[{"embeddable":true,"href":"https:\/\/www.melmedlaw.com\/es\/wp-json\/wp\/v2\/users\/1"}],"replies":[{"embeddable":true,"href":"https:\/\/www.melmedlaw.com\/es\/wp-json\/wp\/v2\/comments?post=18139"}],"version-history":[{"count":6,"href":"https:\/\/www.melmedlaw.com\/es\/wp-json\/wp\/v2\/pages\/18139\/revisions"}],"predecessor-version":[{"id":18332,"href":"https:\/\/www.melmedlaw.com\/es\/wp-json\/wp\/v2\/pages\/18139\/revisions\/18332"}],"wp:attachment":[{"href":"https:\/\/www.melmedlaw.com\/es\/wp-json\/wp\/v2\/media?parent=18139"}],"curies":[{"name":"wp","href":"https:\/\/api.w.org\/{rel}","templated":true}]}}